{"id":11,"date":"2026-01-14T16:47:49","date_gmt":"2026-01-14T16:47:49","guid":{"rendered":"https:\/\/rostrenn-aikido-dojo.fr\/?page_id=11"},"modified":"2026-04-09T10:43:41","modified_gmt":"2026-04-09T10:43:41","slug":"accueil","status":"publish","type":"page","link":"https:\/\/rostrenn-aikido-dojo.fr\/","title":{"rendered":"Accueil"},"content":{"rendered":"\n<div class=\"wp-block-columns alignwide is-layout-flex wp-container-core-columns-is-layout-28f84493 wp-block-columns-is-layout-flex\">\n<div class=\"wp-block-column is-layout-flow wp-block-column-is-layout-flow\" style=\"flex-basis:100%\">\n<figure class=\"wp-block-image aligncenter size-large\"><img loading=\"lazy\" decoding=\"async\" width=\"1024\" height=\"283\" src=\"https:\/\/rostrenn-aikido-dojo.fr\/wp-content\/uploads\/2026\/01\/Banniere-1024x283.png\" alt=\"\" class=\"wp-image-97\" srcset=\"https:\/\/rostrenn-aikido-dojo.fr\/wp-content\/uploads\/2026\/01\/Banniere-1024x283.png 1024w, https:\/\/rostrenn-aikido-dojo.fr\/wp-content\/uploads\/2026\/01\/Banniere-300x83.png 300w, https:\/\/rostrenn-aikido-dojo.fr\/wp-content\/uploads\/2026\/01\/Banniere-768x212.png 768w, https:\/\/rostrenn-aikido-dojo.fr\/wp-content\/uploads\/2026\/01\/Banniere-1536x425.png 1536w, https:\/\/rostrenn-aikido-dojo.fr\/wp-content\/uploads\/2026\/01\/Banniere-2048x566.png 2048w\" sizes=\"auto, (max-width: 1024px) 100vw, 1024px\" \/><\/figure>\n<\/div>\n<\/div>\n\n\n\n<p class=\"is-style-text-subtitle has-base-color has-text-color has-link-color has-small-font-size wp-elements-b8e8905727dd0a887db25ebf14579240 is-style-text-subtitle--1\">Le club d&rsquo;A\u00efkido de Rostrenen propose des cours hebdomadaire d&rsquo;A\u00efkido et de Ta\u00efso<\/p>\n\n\n\n<div class=\"wp-block-columns alignwide is-layout-flex wp-container-core-columns-is-layout-28f84493 wp-block-columns-is-layout-flex\">\n<div class=\"wp-block-column is-layout-flow wp-block-column-is-layout-flow\">\n<p class=\"has-text-align-center\"><em><strong>STAGE D&rsquo;A\u00cfKIDO <\/strong><br><strong>BRUNO SINQUIN (SHOJINDO &#8211; DOUARNENEZ) &amp; ERIC DEROBES (AIKIDO &#8211; RENNES)<\/strong><br><br>Samedi 30 mai 17 H &#8211; 19 H30 \/ Dimanche 31 mai 10H &#8211; 12H30 <\/em><\/p>\n\n\n\n<p class=\"has-text-align-center\">Prix : 40 \u20ac le stage \/ 25 \u20ac un cours<em><br><br>Dojo de Rostrenen 3 Impasse du Colombier &#8211; 3 ieme \u00e9tage<br>Repas partag\u00e9 tir\u00e9 du sac<br>H\u00e9bergement : possibilit\u00e9 de camping ou voir avec l&rsquo;auberge \u00e0 la belle \u00e9toile Mellionnec<br><br>Inscription : aupr\u00e8s de Erwan 0687204438 ou David 0670130523<\/em><br><\/p>\n\n\n\n<div data-wp-context=\"{ &quot;autoclose&quot;: false, &quot;accordionItems&quot;: [] }\" data-wp-interactive=\"core\/accordion\" role=\"group\" class=\"wp-block-accordion is-layout-flow wp-block-accordion-is-layout-flow\">\n<div data-wp-class--is-open=\"state.isOpen\" data-wp-context=\"{ &quot;id&quot;: &quot;accordion-item-2&quot;, &quot;openByDefault&quot;: false }\" data-wp-init=\"callbacks.initAccordionItems\" data-wp-on-window--hashchange=\"callbacks.hashChange\" class=\"wp-block-accordion-item is-layout-flow wp-block-accordion-item-is-layout-flow\">\n<h3 class=\"wp-block-accordion-heading has-large-font-size\"><button aria-expanded=\"false\" aria-controls=\"accordion-item-2-panel\" data-wp-bind--aria-expanded=\"state.isOpen\" data-wp-on--click=\"actions.toggle\" data-wp-on--keydown=\"actions.handleKeyDown\" id=\"accordion-item-2\" type=\"button\" class=\"wp-block-accordion-heading__toggle\"><span class=\"wp-block-accordion-heading__toggle-title\">A\u00cfKIDO &#8211; \u00ab\u00a0La Voie de la Concordance des \u00c9nergies\u00a0\u00bb<\/span><span class=\"wp-block-accordion-heading__toggle-icon\" aria-hidden=\"true\">+<\/span><\/button><\/h3>\n\n\n\n<div inert aria-labelledby=\"accordion-item-2\" data-wp-bind--inert=\"!state.isOpen\" id=\"accordion-item-2-panel\" role=\"region\" class=\"wp-block-accordion-panel is-layout-flow wp-block-accordion-panel-is-layout-flow\">\n<div class=\"wp-block-columns is-layout-flex wp-container-core-columns-is-layout-28f84493 wp-block-columns-is-layout-flex\">\n<div class=\"wp-block-column is-layout-flow wp-block-column-is-layout-flow\">\n<p class=\"has-small-font-size\">L&rsquo;Aikido est un art martial japonais fond\u00e9 par Morihei Ueshiba (1883-1969).<br>C&rsquo;est un art martial de paix et non comp\u00e9titif. Il vise la protection de soi et l\u2019int\u00e9grit\u00e9 de l\u2019autre.<\/p>\n\n\n\n<p class=\"has-small-font-size\">Face \u00e0 une intention parfois hostile (coups, saisies), il s\u2019agit de trouver par le placement, l\u2019absorption, le d\u00e9s\u00e9quilibre et la projection ou l\u2019immobilisation, une r\u00e9ponse mesur\u00e9e amenant une r\u00e9solution apaisante.<\/p>\n\n\n\n<p class=\"has-small-font-size\">Sans attendre, sans regarder, sans d\u00e9truire, sans tirer, sans pousser, sans rompre le lien avec le partenaire, avec les mains ouvertes dans la fluidit\u00e9 du mouvement.<\/p>\n\n\n\n<p class=\"has-small-font-size\">Cours Ado et Adultes <br>Tenue : Kimono ou survetement<\/p>\n\n\n\n<div class=\"wp-block-columns is-layout-flex wp-container-core-columns-is-layout-28f84493 wp-block-columns-is-layout-flex\">\n<div class=\"wp-block-column is-layout-flow wp-block-column-is-layout-flow\">\n<figure class=\"wp-block-image size-full\"><img loading=\"lazy\" decoding=\"async\" width=\"560\" height=\"700\" src=\"https:\/\/rostrenn-aikido-dojo.fr\/wp-content\/uploads\/2026\/01\/aikdo-6-1.png\" alt=\"\" class=\"wp-image-62\" srcset=\"https:\/\/rostrenn-aikido-dojo.fr\/wp-content\/uploads\/2026\/01\/aikdo-6-1.png 560w, https:\/\/rostrenn-aikido-dojo.fr\/wp-content\/uploads\/2026\/01\/aikdo-6-1-240x300.png 240w\" sizes=\"auto, (max-width: 560px) 100vw, 560px\" \/><\/figure>\n<\/div>\n\n\n\n<div class=\"wp-block-column is-layout-flow wp-block-column-is-layout-flow\">\n<figure class=\"wp-block-image size-full\"><img loading=\"lazy\" decoding=\"async\" width=\"560\" height=\"700\" src=\"https:\/\/rostrenn-aikido-dojo.fr\/wp-content\/uploads\/2026\/01\/aikdo-7-1.png\" alt=\"\" class=\"wp-image-63\" srcset=\"https:\/\/rostrenn-aikido-dojo.fr\/wp-content\/uploads\/2026\/01\/aikdo-7-1.png 560w, https:\/\/rostrenn-aikido-dojo.fr\/wp-content\/uploads\/2026\/01\/aikdo-7-1-240x300.png 240w\" sizes=\"auto, (max-width: 560px) 100vw, 560px\" \/><\/figure>\n<\/div>\n\n\n\n<div class=\"wp-block-column is-layout-flow wp-block-column-is-layout-flow\">\n<figure class=\"wp-block-image size-full\"><img loading=\"lazy\" decoding=\"async\" width=\"560\" height=\"700\" src=\"https:\/\/rostrenn-aikido-dojo.fr\/wp-content\/uploads\/2026\/01\/aikdo-26-1.png\" alt=\"\" class=\"wp-image-64\" srcset=\"https:\/\/rostrenn-aikido-dojo.fr\/wp-content\/uploads\/2026\/01\/aikdo-26-1.png 560w, https:\/\/rostrenn-aikido-dojo.fr\/wp-content\/uploads\/2026\/01\/aikdo-26-1-240x300.png 240w\" sizes=\"auto, (max-width: 560px) 100vw, 560px\" \/><\/figure>\n<\/div>\n<\/div>\n<\/div>\n<\/div>\n<\/div>\n<\/div>\n\n\n\n<div data-wp-class--is-open=\"state.isOpen\" data-wp-context=\"{ &quot;id&quot;: &quot;accordion-item-3&quot;, &quot;openByDefault&quot;: false }\" data-wp-init=\"callbacks.initAccordionItems\" data-wp-on-window--hashchange=\"callbacks.hashChange\" class=\"wp-block-accordion-item is-layout-flow wp-block-accordion-item-is-layout-flow\">\n<h3 class=\"wp-block-accordion-heading has-large-font-size\"><button aria-expanded=\"false\" aria-controls=\"accordion-item-3-panel\" data-wp-bind--aria-expanded=\"state.isOpen\" data-wp-on--click=\"actions.toggle\" data-wp-on--keydown=\"actions.handleKeyDown\" id=\"accordion-item-3\" type=\"button\" class=\"wp-block-accordion-heading__toggle\"><span class=\"wp-block-accordion-heading__toggle-title\">TA\u00cfSO &#8211; \u00ab\u00a0Mettre le Corps en Mouvement\u00a0\u00bb<\/span><span class=\"wp-block-accordion-heading__toggle-icon\" aria-hidden=\"true\">+<\/span><\/button><\/h3>\n\n\n\n<div inert aria-labelledby=\"accordion-item-3\" data-wp-bind--inert=\"!state.isOpen\" id=\"accordion-item-3-panel\" role=\"region\" class=\"wp-block-accordion-panel is-layout-flow wp-block-accordion-panel-is-layout-flow\">\n<p class=\"has-small-font-size\">Le Ta\u00efso est une pr\u00e9paration physique effectu\u00e9e dans le but de pr\u00e9server la sant\u00e9 ou dans le cadre d\u2019un art martial.<br>La mise en mouvement propos\u00e9e ici d\u00e9passe le cadre de l\u2019A\u00efkido et s\u2019adresse \u00e0 tous.tes<\/p>\n\n\n\n<p class=\"has-small-font-size\">En partant de mouvements lents, il vous sera propos\u00e9 d\u2019en augmenter progressivement l\u2019amplitude vers un engagement corporel global o\u00f9 la respiration initie, structure et porte le mouvement. L\u2019amplitude et l\u2019intensit\u00e9 des mouvements s\u2019adaptent en fonction des capacit\u00e9s de chacun.e .<\/p>\n\n\n\n<p class=\"has-small-font-size\">Par la pratique de ce Ta\u00efso, vous pourrez y trouver : <br>&#8211; Un rel\u00e2chement des tensions (fascias, muscles et articulations) ;<br>&#8211; Un gain de mobilit\u00e9 ;<br>&#8211; Une conscience corporelle fine ;<br>&#8211; Une coordination respiration-mouvement ;<br>&#8211; Un renforcement musculaire ;<br>-Et du bien-\u00eatre<br><br>Les th\u00e9matiques les plus couramment explor\u00e9es sont : les transitions debout\/sol ; les modes de locomotions et les roulades (ukemi \u2013 Recevoir avec le corps).<\/p>\n\n\n\n<p class=\"has-small-font-size\">Les sources d\u2019inspiration viennent du travail de Michizo Noguchi, du BMC (Body Mind Centering), du travail de Tom Weksler et de mes ann\u00e9es d\u2019exp\u00e9riences en Judo, A\u00efkido et danse.<\/p>\n\n\n\n<p class=\"has-small-font-size\">Cours Ado et Adultes<br>Tenue : Surv\u00eatement<\/p>\n<\/div>\n<\/div>\n\n\n\n<div data-wp-class--is-open=\"state.isOpen\" data-wp-context=\"{ &quot;id&quot;: &quot;accordion-item-7&quot;, &quot;openByDefault&quot;: false }\" data-wp-init=\"callbacks.initAccordionItems\" data-wp-on-window--hashchange=\"callbacks.hashChange\" class=\"wp-block-accordion-item is-layout-flow wp-block-accordion-item-is-layout-flow\">\n<h3 class=\"wp-block-accordion-heading has-large-font-size\"><button aria-expanded=\"false\" aria-controls=\"accordion-item-7-panel\" data-wp-bind--aria-expanded=\"state.isOpen\" data-wp-on--click=\"actions.toggle\" data-wp-on--keydown=\"actions.handleKeyDown\" id=\"accordion-item-7\" type=\"button\" class=\"wp-block-accordion-heading__toggle\"><span class=\"wp-block-accordion-heading__toggle-title\">INFOS PRATIQUES<\/span><span class=\"wp-block-accordion-heading__toggle-icon\" aria-hidden=\"true\">+<\/span><\/button><\/h3>\n\n\n\n<div inert aria-labelledby=\"accordion-item-7\" data-wp-bind--inert=\"!state.isOpen\" id=\"accordion-item-7-panel\" role=\"region\" class=\"wp-block-accordion-panel is-layout-flow wp-block-accordion-panel-is-layout-flow\">\n<div class=\"wp-block-columns is-layout-flex wp-container-core-columns-is-layout-28f84493 wp-block-columns-is-layout-flex\">\n<div class=\"wp-block-column is-layout-flow wp-block-column-is-layout-flow\">\n<div class=\"wp-block-group has-global-padding is-layout-constrained wp-block-group-is-layout-constrained\">\n<p class=\"has-text-align-center is-style-text-subtitle has-large-font-size is-style-text-subtitle--4\">HORAIRES<\/p>\n\n\n\n<p class=\"has-text-align-center has-small-font-size\">A\u00cfKIDO :Lundi et Vendredi 19H40 &#8211; 21H30<br>TA\u00cfSO : Lundi et vendredi 18H20-19H30<br><br><em>Cours Ados et Adulte<\/em>s<\/p>\n<\/div>\n\n\n\n<div class=\"wp-block-group has-global-padding is-layout-constrained wp-block-group-is-layout-constrained\">\n<p class=\"has-text-align-center is-style-text-subtitle has-large-font-size is-style-text-subtitle--5\">TARIFS<\/p>\n\n\n\n<p class=\"has-text-align-center has-small-font-size\">A\u00cfKIDO : 150 \u20ac<br>TA\u00cfSO : 150 \u20ac<br>A\u00cfKIDO + TA\u00cfSO : 220 \u20ac<br>Adh\u00e9sion : 10 \u20ac<br><br><em>Possibilit\u00e9 de payer au mois pour les personnes arrivant en cours d&rsquo;ann\u00e9e <\/em><br><em>2 cours d&rsquo;essai gratuits<\/em><\/p>\n<\/div>\n<\/div>\n\n\n\n<div class=\"wp-block-column is-layout-flow wp-block-column-is-layout-flow\">\n<figure class=\"wp-block-image aligncenter size-full is-resized\"><img loading=\"lazy\" decoding=\"async\" width=\"875\" height=\"700\" src=\"https:\/\/rostrenn-aikido-dojo.fr\/wp-content\/uploads\/2026\/01\/aikdo-32.png\" alt=\"\" class=\"wp-image-83\" style=\"aspect-ratio:1.2500000233743709;width:435px;height:auto\" srcset=\"https:\/\/rostrenn-aikido-dojo.fr\/wp-content\/uploads\/2026\/01\/aikdo-32.png 875w, https:\/\/rostrenn-aikido-dojo.fr\/wp-content\/uploads\/2026\/01\/aikdo-32-300x240.png 300w, https:\/\/rostrenn-aikido-dojo.fr\/wp-content\/uploads\/2026\/01\/aikdo-32-768x614.png 768w\" sizes=\"auto, (max-width: 875px) 100vw, 875px\" \/><\/figure>\n<\/div>\n<\/div>\n\n\n\n<div class=\"wp-block-columns is-layout-flex wp-container-core-columns-is-layout-28f84493 wp-block-columns-is-layout-flex\">\n<div class=\"wp-block-column is-layout-flow wp-block-column-is-layout-flow\">\n<p class=\"has-text-align-center is-style-text-subtitle has-large-font-size is-style-text-subtitle--6\">ADRESSE DU DOJO<\/p>\n\n\n\n<p class=\"has-text-align-center has-small-font-size\">Maison des Associations, 3 i\u00e8me \u00e9tage<br>3 Impasse du colombier<br>22110 ROSTRENEN<\/p>\n<\/div>\n\n\n\n<div class=\"wp-block-column is-layout-flow wp-block-column-is-layout-flow\"><\/div>\n<\/div>\n<\/div>\n<\/div>\n\n\n\n<div data-wp-class--is-open=\"state.isOpen\" data-wp-context=\"{ &quot;id&quot;: &quot;accordion-item-8&quot;, &quot;openByDefault&quot;: false }\" data-wp-init=\"callbacks.initAccordionItems\" data-wp-on-window--hashchange=\"callbacks.hashChange\" class=\"wp-block-accordion-item is-layout-flow wp-block-accordion-item-is-layout-flow\">\n<h3 class=\"wp-block-accordion-heading has-large-font-size\"><button aria-expanded=\"false\" aria-controls=\"accordion-item-8-panel\" data-wp-bind--aria-expanded=\"state.isOpen\" data-wp-on--click=\"actions.toggle\" data-wp-on--keydown=\"actions.handleKeyDown\" id=\"accordion-item-8\" type=\"button\" class=\"wp-block-accordion-heading__toggle\"><span class=\"wp-block-accordion-heading__toggle-title\">LES TRANSMETTEURS<\/span><span class=\"wp-block-accordion-heading__toggle-icon\" aria-hidden=\"true\">+<\/span><\/button><\/h3>\n\n\n\n<div inert aria-labelledby=\"accordion-item-8\" data-wp-bind--inert=\"!state.isOpen\" id=\"accordion-item-8-panel\" role=\"region\" class=\"wp-block-accordion-panel is-layout-flow wp-block-accordion-panel-is-layout-flow\">\n<div class=\"wp-block-columns is-layout-flex wp-container-core-columns-is-layout-28f84493 wp-block-columns-is-layout-flex\">\n<div class=\"wp-block-column is-layout-flow wp-block-column-is-layout-flow\" style=\"flex-basis:33.33%\">\n<figure class=\"wp-block-image size-full\"><img loading=\"lazy\" decoding=\"async\" width=\"560\" height=\"700\" src=\"https:\/\/rostrenn-aikido-dojo.fr\/wp-content\/uploads\/2026\/01\/aikdo-39.png\" alt=\"\" class=\"wp-image-87\" srcset=\"https:\/\/rostrenn-aikido-dojo.fr\/wp-content\/uploads\/2026\/01\/aikdo-39.png 560w, https:\/\/rostrenn-aikido-dojo.fr\/wp-content\/uploads\/2026\/01\/aikdo-39-240x300.png 240w\" sizes=\"auto, (max-width: 560px) 100vw, 560px\" \/><\/figure>\n\n\n\n<p class=\"has-text-align-center\">David et Erwan<\/p>\n<\/div>\n\n\n\n<div class=\"wp-block-column is-layout-flow wp-block-column-is-layout-flow\" style=\"flex-basis:66.66%\">\n<div class=\"wp-block-columns is-layout-flex wp-container-core-columns-is-layout-28f84493 wp-block-columns-is-layout-flex\">\n<div class=\"wp-block-column is-layout-flow wp-block-column-is-layout-flow\">\n<p class=\"has-medium-font-size\">Erwan Coll\u00e9ter<\/p>\n<\/div>\n\n\n\n<div class=\"wp-block-column is-layout-flow wp-block-column-is-layout-flow\">\n<p class=\"has-text-align-right has-small-font-size\">0687204438<\/p>\n<\/div>\n<\/div>\n\n\n\n<p class=\"has-small-font-size\">Pr\u00e9sentation \u00e0 venir<\/p>\n\n\n\n<p class=\"has-text-align-right has-small-font-size\">Cours d&rsquo;A\u00efkido du Lundi<\/p>\n<\/div>\n<\/div>\n\n\n\n<div class=\"wp-block-columns is-layout-flex wp-container-core-columns-is-layout-28f84493 wp-block-columns-is-layout-flex\">\n<div class=\"wp-block-column is-layout-flow wp-block-column-is-layout-flow\">\n<div class=\"wp-block-columns is-layout-flex wp-container-core-columns-is-layout-28f84493 wp-block-columns-is-layout-flex\">\n<div class=\"wp-block-column is-layout-flow wp-block-column-is-layout-flow\">\n<div class=\"wp-block-columns is-not-stacked-on-mobile is-layout-flex wp-container-core-columns-is-layout-28f84493 wp-block-columns-is-layout-flex\">\n<div class=\"wp-block-column is-layout-flow wp-block-column-is-layout-flow\" style=\"flex-basis:66.66%\">\n<p class=\"has-medium-font-size\">David Defois<\/p>\n<\/div>\n\n\n\n<div class=\"wp-block-column is-layout-flow wp-block-column-is-layout-flow\" style=\"flex-basis:33.33%\">\n<p class=\"has-text-align-right has-small-font-size\">0670130523<\/p>\n<\/div>\n<\/div>\n<\/div>\n<\/div>\n\n\n\n<p class=\"has-small-font-size\">Pendant mes 17 ans de Judo, j\u2019ai eu plusieurs fois l\u2019occasion de voir de l\u2019A\u00efkido. Je trouvais \u00e7a magnifique et je m\u2019\u00e9tais dit qu\u2019un jour, je m\u2019y mettrai. Apr\u00e8s une pause d\u2019une dizaine d\u2019ann\u00e9es, ma rencontre en 2008 avec Erwan et Bruno Sinquin (Douarnenez) m\u2019a convaincu. L\u2019a\u00efkido&nbsp;: c\u2019est beau \u00e0 regarder, mais c\u2019est encore meilleur \u00e0 pratiquer.<br>Ce que j\u2019appr\u00e9cie dans cet art martial&nbsp;:<br>&#8211; la fluidit\u00e9&nbsp;;<br>&#8211; la recherche de l&rsquo;ancrage et le passage aux sensations de vide, de d\u00e9s\u00e9quilibre et d&rsquo;aspiration ;<br>&#8211; la recherche d&rsquo;un mouvement global \u00e9pur\u00e9 impliquant le corps dans son enti\u00e8ret\u00e9 tout en formant une unit\u00e9 avec son partenaire ;<br>&#8211; le role central du couple Hara-Respiration moteur de toutes actions<\/p>\n\n\n\n<p class=\"has-text-align-right has-small-font-size\">Cours d&rsquo; A\u00efkido du Vendredi<br>Cours de Ta\u00efso du Lundi et du Vendredi<\/p>\n<\/div>\n<\/div>\n<\/div>\n<\/div>\n<\/div>\n<\/div>\n<\/div>\n\n\n\n<div class=\"wp-block-columns alignwide is-layout-flex wp-container-core-columns-is-layout-28f84493 wp-block-columns-is-layout-flex\">\n<div class=\"wp-block-column is-layout-flow wp-block-column-is-layout-flow\">\n<figure class=\"wp-block-image size-full\"><img loading=\"lazy\" decoding=\"async\" width=\"933\" height=\"700\" src=\"https:\/\/rostrenn-aikido-dojo.fr\/wp-content\/uploads\/2026\/01\/aikdo-25-1.png\" alt=\"\" class=\"wp-image-67\" srcset=\"https:\/\/rostrenn-aikido-dojo.fr\/wp-content\/uploads\/2026\/01\/aikdo-25-1.png 933w, https:\/\/rostrenn-aikido-dojo.fr\/wp-content\/uploads\/2026\/01\/aikdo-25-1-300x225.png 300w, https:\/\/rostrenn-aikido-dojo.fr\/wp-content\/uploads\/2026\/01\/aikdo-25-1-768x576.png 768w\" sizes=\"auto, (max-width: 933px) 100vw, 933px\" \/><\/figure>\n<\/div>\n\n\n\n<div class=\"wp-block-column is-layout-flow wp-block-column-is-layout-flow\">\n<figure class=\"wp-block-image size-full\"><img loading=\"lazy\" decoding=\"async\" width=\"933\" height=\"700\" src=\"https:\/\/rostrenn-aikido-dojo.fr\/wp-content\/uploads\/2026\/01\/aikdo-8-2.png\" alt=\"\" class=\"wp-image-66\" srcset=\"https:\/\/rostrenn-aikido-dojo.fr\/wp-content\/uploads\/2026\/01\/aikdo-8-2.png 933w, https:\/\/rostrenn-aikido-dojo.fr\/wp-content\/uploads\/2026\/01\/aikdo-8-2-300x225.png 300w, https:\/\/rostrenn-aikido-dojo.fr\/wp-content\/uploads\/2026\/01\/aikdo-8-2-768x576.png 768w\" sizes=\"auto, (max-width: 933px) 100vw, 933px\" \/><\/figure>\n<\/div>\n<\/div>\n","protected":false},"excerpt":{"rendered":"<p>Le club d&rsquo;A\u00efkido de Rostrenen propose des cours hebdomadaire d&rsquo;A\u00efkido et de Ta\u00efso STAGE D&rsquo;A\u00cfKIDO BRUNO SINQUIN (SHOJINDO &#8211; DOUARNENEZ) &amp; ERIC DEROBES (AIKIDO &#8211; RENNES) Samedi 30 mai 17 H &#8211; 19 H30 \/ Dimanche 31 mai 10H &#8211; 12H30 Prix : 40 \u20ac le stage \/ 25 \u20ac un cours Dojo de Rostrenen [&hellip;]<\/p>\n","protected":false},"author":1,"featured_media":81,"parent":0,"menu_order":0,"comment_status":"closed","ping_status":"closed","template":"page-no-title","meta":{"footnotes":""},"class_list":["post-11","page","type-page","status-publish","has-post-thumbnail","hentry"],"_links":{"self":[{"href":"https:\/\/rostrenn-aikido-dojo.fr\/index.php\/wp-json\/wp\/v2\/pages\/11","targetHints":{"allow":["GET"]}}],"collection":[{"href":"https:\/\/rostrenn-aikido-dojo.fr\/index.php\/wp-json\/wp\/v2\/pages"}],"about":[{"href":"https:\/\/rostrenn-aikido-dojo.fr\/index.php\/wp-json\/wp\/v2\/types\/page"}],"author":[{"embeddable":true,"href":"https:\/\/rostrenn-aikido-dojo.fr\/index.php\/wp-json\/wp\/v2\/users\/1"}],"replies":[{"embeddable":true,"href":"https:\/\/rostrenn-aikido-dojo.fr\/index.php\/wp-json\/wp\/v2\/comments?post=11"}],"version-history":[{"count":53,"href":"https:\/\/rostrenn-aikido-dojo.fr\/index.php\/wp-json\/wp\/v2\/pages\/11\/revisions"}],"predecessor-version":[{"id":113,"href":"https:\/\/rostrenn-aikido-dojo.fr\/index.php\/wp-json\/wp\/v2\/pages\/11\/revisions\/113"}],"wp:featuredmedia":[{"embeddable":true,"href":"https:\/\/rostrenn-aikido-dojo.fr\/index.php\/wp-json\/wp\/v2\/media\/81"}],"wp:attachment":[{"href":"https:\/\/rostrenn-aikido-dojo.fr\/index.php\/wp-json\/wp\/v2\/media?parent=11"}],"curies":[{"name":"wp","href":"https:\/\/api.w.org\/{rel}","templated":true}]}}